{"id":81,"date":"2019-03-15T20:44:47","date_gmt":"2019-03-15T19:44:47","guid":{"rendered":"http:\/\/www.garcon-cafe.com\/?page_id=81"},"modified":"2025-10-22T18:33:56","modified_gmt":"2025-10-22T16:33:56","slug":"galerie-photos","status":"publish","type":"page","link":"https:\/\/www.garcon-cafe.com\/index.php\/galerie-photos\/","title":{"rendered":"Galerie photos"},"content":{"rendered":"<figure><\/figure>\n<figure>\n<figure id=\"attachment_738\" aria-describedby=\"caption-attachment-738\" style=\"width: 150px\" class=\"wp-caption alignnone\"><img loading=\"lazy\" decoding=\"async\" class=\"size-thumbnail wp-image-738\" src=\"http:\/\/www.garcon-cafe.com\/wp-content\/uploads\/2025\/10\/IMG_4671-150x150.jpeg\" alt=\"\" width=\"150\" height=\"150\" \/><figcaption id=\"caption-attachment-738\" class=\"wp-caption-text\"><strong>Le fraisier, de la fra\u00eecheur, de la finesse et de l\u2019esth\u00e9tisme .<\/strong><\/figcaption><\/figure>\n<p><img loading=\"lazy\" decoding=\"async\" class=\"alignnone size-thumbnail wp-image-632\" src=\"http:\/\/www.garcon-cafe.com\/wp-content\/uploads\/2021\/05\/46F7F5AD-688A-4DDD-939E-D3F25DF3797C-150x150.jpeg\" alt=\"\" width=\"150\" height=\"150\" srcset=\"https:\/\/www.garcon-cafe.com\/wp-content\/uploads\/2021\/05\/46F7F5AD-688A-4DDD-939E-D3F25DF3797C-150x150.jpeg 150w, https:\/\/www.garcon-cafe.com\/wp-content\/uploads\/2021\/05\/46F7F5AD-688A-4DDD-939E-D3F25DF3797C-300x300.jpeg 300w, https:\/\/www.garcon-cafe.com\/wp-content\/uploads\/2021\/05\/46F7F5AD-688A-4DDD-939E-D3F25DF3797C-1024x1024.jpeg 1024w, https:\/\/www.garcon-cafe.com\/wp-content\/uploads\/2021\/05\/46F7F5AD-688A-4DDD-939E-D3F25DF3797C-768x768.jpeg 768w, https:\/\/www.garcon-cafe.com\/wp-content\/uploads\/2021\/05\/46F7F5AD-688A-4DDD-939E-D3F25DF3797C-1536x1536.jpeg 1536w, https:\/\/www.garcon-cafe.com\/wp-content\/uploads\/2021\/05\/46F7F5AD-688A-4DDD-939E-D3F25DF3797C-2048x2048.jpeg 2048w\" sizes=\"auto, (max-width: 150px) 100vw, 150px\" \/><\/figure>\n<figure>Vittello tonnato et c\u00e2pres frits<\/p>\n<hr \/>\n<p><img loading=\"lazy\" decoding=\"async\" class=\"alignnone size-thumbnail wp-image-631\" src=\"http:\/\/www.garcon-cafe.com\/wp-content\/uploads\/2021\/05\/4195D5BF-5723-4B4F-A9AB-2AF265D0D3CC-150x150.jpeg\" alt=\"\" width=\"150\" height=\"150\" srcset=\"https:\/\/www.garcon-cafe.com\/wp-content\/uploads\/2021\/05\/4195D5BF-5723-4B4F-A9AB-2AF265D0D3CC-150x150.jpeg 150w, https:\/\/www.garcon-cafe.com\/wp-content\/uploads\/2021\/05\/4195D5BF-5723-4B4F-A9AB-2AF265D0D3CC-300x300.jpeg 300w, https:\/\/www.garcon-cafe.com\/wp-content\/uploads\/2021\/05\/4195D5BF-5723-4B4F-A9AB-2AF265D0D3CC-1024x1024.jpeg 1024w, https:\/\/www.garcon-cafe.com\/wp-content\/uploads\/2021\/05\/4195D5BF-5723-4B4F-A9AB-2AF265D0D3CC-768x768.jpeg 768w, https:\/\/www.garcon-cafe.com\/wp-content\/uploads\/2021\/05\/4195D5BF-5723-4B4F-A9AB-2AF265D0D3CC.jpeg 1536w\" sizes=\"auto, (max-width: 150px) 100vw, 150px\" \/><\/figure>\n<p>Poulpe snack\u00e9, cr\u00e8me de petits pois et l\u00e9gumes m\u00e9diterran\u00e9ens<\/p>\n<hr \/>\n<figure><\/figure>\n<figure><img loading=\"lazy\" decoding=\"async\" class=\"alignnone size-large wp-image-310\" src=\"http:\/\/www.garcon-cafe.com\/wp-content\/uploads\/2019\/11\/Gar\u00e7on-wallpaper-7-1024x1024.jpg\" alt=\"\" width=\"660\" height=\"660\" srcset=\"https:\/\/www.garcon-cafe.com\/wp-content\/uploads\/2019\/11\/Gar\u00e7on-wallpaper-7-1024x1024.jpg 1024w, https:\/\/www.garcon-cafe.com\/wp-content\/uploads\/2019\/11\/Gar\u00e7on-wallpaper-7-150x150.jpg 150w, https:\/\/www.garcon-cafe.com\/wp-content\/uploads\/2019\/11\/Gar\u00e7on-wallpaper-7-300x300.jpg 300w, https:\/\/www.garcon-cafe.com\/wp-content\/uploads\/2019\/11\/Gar\u00e7on-wallpaper-7-768x768.jpg 768w, https:\/\/www.garcon-cafe.com\/wp-content\/uploads\/2019\/11\/Gar\u00e7on-wallpaper-7.jpg 1512w\" sizes=\"auto, (max-width: 660px) 100vw, 660px\" \/><\/figure>\n<figure>Nouvel habillage de la salle du fond chez \u00ab\u00a0Gar\u00e7on !\u00a0\u00bb<\/figure>\n<hr \/>\n<figure id=\"attachment_154\"><img loading=\"lazy\" decoding=\"async\" class=\"size-full wp-image-247\" src=\"https:\/\/www.garcon-cafe.com\/wp-content\/uploads\/2019\/07\/img_1734.jpg\" width=\"3505\" height=\"2683\" srcset=\"https:\/\/www.garcon-cafe.com\/wp-content\/uploads\/2019\/07\/img_1734.jpg 3505w, https:\/\/www.garcon-cafe.com\/wp-content\/uploads\/2019\/07\/img_1734-300x230.jpg 300w, https:\/\/www.garcon-cafe.com\/wp-content\/uploads\/2019\/07\/img_1734-768x588.jpg 768w, https:\/\/www.garcon-cafe.com\/wp-content\/uploads\/2019\/07\/img_1734-1024x784.jpg 1024w\" sizes=\"auto, (max-width: 3505px) 100vw, 3505px\" \/><\/figure>\n<figure id=\"attachment_154\">En terrasse de \u00ab\u00a0Gar\u00e7on !\u00a0\u00bb, pour les beaux jours&#8230;.<\/figure>\n<hr \/>\n<p><img loading=\"lazy\" decoding=\"async\" class=\"size-large wp-image-154\" src=\"http:\/\/www.garcon-cafe.com\/wp-content\/uploads\/2019\/04\/46306C88-F117-49A2-B94C-E3297D954E82-1024x758.jpeg\" alt=\"\" width=\"525\" height=\"389\" srcset=\"https:\/\/www.garcon-cafe.com\/wp-content\/uploads\/2019\/04\/46306C88-F117-49A2-B94C-E3297D954E82-1024x758.jpeg 1024w, https:\/\/www.garcon-cafe.com\/wp-content\/uploads\/2019\/04\/46306C88-F117-49A2-B94C-E3297D954E82-300x222.jpeg 300w, https:\/\/www.garcon-cafe.com\/wp-content\/uploads\/2019\/04\/46306C88-F117-49A2-B94C-E3297D954E82-768x568.jpeg 768w\" sizes=\"auto, (max-width: 525px) 100vw, 525px\" \/><br \/>\n<span style=\"display: inline !important; float: none; background-color: transparent; color: #333333; cursor: text; font-family: 'Noto Serif',serif; font-size: 17px; font-style: normal; font-variant: normal; font-weight: 400; letter-spacing: normal; orphans: 2; text-align: left; text-decoration: none; text-indent: 0px; text-transform: none; -webkit-text-stroke-width: 0px; white-space: normal; word-spacing: 0px;\">Le d\u00e9licieux tarama maison<\/span><\/p>\n<p>&nbsp;<\/p>\n<p><img loading=\"lazy\" decoding=\"async\" class=\"size-medium wp-image-133\" src=\"http:\/\/www.garcon-cafe.com\/wp-content\/uploads\/2019\/04\/374E1009-9EBE-4CB2-8671-519FA7A92931-300x225.jpeg\" alt=\"\" width=\"300\" height=\"225\" srcset=\"https:\/\/www.garcon-cafe.com\/wp-content\/uploads\/2019\/04\/374E1009-9EBE-4CB2-8671-519FA7A92931-300x225.jpeg 300w, https:\/\/www.garcon-cafe.com\/wp-content\/uploads\/2019\/04\/374E1009-9EBE-4CB2-8671-519FA7A92931-768x576.jpeg 768w, https:\/\/www.garcon-cafe.com\/wp-content\/uploads\/2019\/04\/374E1009-9EBE-4CB2-8671-519FA7A92931-1024x768.jpeg 1024w, https:\/\/www.garcon-cafe.com\/wp-content\/uploads\/2019\/04\/374E1009-9EBE-4CB2-8671-519FA7A92931.jpeg 2048w\" sizes=\"auto, (max-width: 300px) 100vw, 300px\" \/><br \/>\nLa v\u00e9ritable Trop\u00e9zienne de chez Micka<\/p>\n<p>&nbsp;<\/p>\n<p><img loading=\"lazy\" decoding=\"async\" class=\"size-medium wp-image-134\" src=\"http:\/\/www.garcon-cafe.com\/wp-content\/uploads\/2019\/04\/0C128BEB-9AE2-4A1B-837F-996AAD6193CC-298x300.jpeg\" alt=\"\" width=\"298\" height=\"300\" srcset=\"https:\/\/www.garcon-cafe.com\/wp-content\/uploads\/2019\/04\/0C128BEB-9AE2-4A1B-837F-996AAD6193CC-298x300.jpeg 298w, https:\/\/www.garcon-cafe.com\/wp-content\/uploads\/2019\/04\/0C128BEB-9AE2-4A1B-837F-996AAD6193CC-150x150.jpeg 150w, https:\/\/www.garcon-cafe.com\/wp-content\/uploads\/2019\/04\/0C128BEB-9AE2-4A1B-837F-996AAD6193CC-768x773.jpeg 768w, https:\/\/www.garcon-cafe.com\/wp-content\/uploads\/2019\/04\/0C128BEB-9AE2-4A1B-837F-996AAD6193CC-1018x1024.jpeg 1018w, https:\/\/www.garcon-cafe.com\/wp-content\/uploads\/2019\/04\/0C128BEB-9AE2-4A1B-837F-996AAD6193CC-100x100.jpeg 100w, https:\/\/www.garcon-cafe.com\/wp-content\/uploads\/2019\/04\/0C128BEB-9AE2-4A1B-837F-996AAD6193CC.jpeg 2034w\" sizes=\"auto, (max-width: 298px) 100vw, 298px\" \/><br \/>\n<span style=\"display: inline !important; float: none; background-color: transparent; color: #333333; cursor: text; font-family: 'Noto Serif',serif; font-size: 17px; font-style: normal; font-variant: normal; font-weight: 400; letter-spacing: normal; orphans: 2; text-align: left; text-decoration: none; text-indent: 0px; text-transform: none; -webkit-text-stroke-width: 0px; white-space: normal; word-spacing: 0px;\">La salade C\u00e9sar au poulet tandoori<\/span><\/p>\n<p>&nbsp;<\/p>\n<p><img loading=\"lazy\" decoding=\"async\" class=\"size-medium wp-image-92\" src=\"http:\/\/www.garcon-cafe.com\/wp-content\/uploads\/2019\/03\/1AAB408A-9DF4-42C9-B631-108BF7FFC74D-300x225.jpeg\" alt=\"\" width=\"300\" height=\"225\" srcset=\"https:\/\/www.garcon-cafe.com\/wp-content\/uploads\/2019\/03\/1AAB408A-9DF4-42C9-B631-108BF7FFC74D-300x225.jpeg 300w, https:\/\/www.garcon-cafe.com\/wp-content\/uploads\/2019\/03\/1AAB408A-9DF4-42C9-B631-108BF7FFC74D-768x576.jpeg 768w, https:\/\/www.garcon-cafe.com\/wp-content\/uploads\/2019\/03\/1AAB408A-9DF4-42C9-B631-108BF7FFC74D-1024x768.jpeg 1024w, https:\/\/www.garcon-cafe.com\/wp-content\/uploads\/2019\/03\/1AAB408A-9DF4-42C9-B631-108BF7FFC74D.jpeg 2048w\" sizes=\"auto, (max-width: 300px) 100vw, 300px\" \/><br \/>\n<span style=\"display: inline !important; float: none; background-color: transparent; color: #333333; cursor: text; font-family: 'Noto Serif',serif; font-size: 17px; font-style: normal; font-variant: normal; font-weight: 400; letter-spacing: normal; orphans: 2; text-align: left; text-decoration: none; text-indent: 0px; text-transform: none; -webkit-text-stroke-width: 0px; white-space: normal; word-spacing: 0px;\">L&rsquo;unique tartare de bar, taboul\u00e9, et vinaigrette fruit de la passion<\/span><\/p>\n<p>&nbsp;<\/p>\n<p><img loading=\"lazy\" decoding=\"async\" class=\"size-medium wp-image-90\" src=\"http:\/\/www.garcon-cafe.com\/wp-content\/uploads\/2019\/03\/77A060E3-FF78-41E0-9B09-1FE5E8FB7A19-300x225.jpeg\" alt=\"\" width=\"300\" height=\"225\" srcset=\"https:\/\/www.garcon-cafe.com\/wp-content\/uploads\/2019\/03\/77A060E3-FF78-41E0-9B09-1FE5E8FB7A19-300x225.jpeg 300w, https:\/\/www.garcon-cafe.com\/wp-content\/uploads\/2019\/03\/77A060E3-FF78-41E0-9B09-1FE5E8FB7A19-768x575.jpeg 768w, https:\/\/www.garcon-cafe.com\/wp-content\/uploads\/2019\/03\/77A060E3-FF78-41E0-9B09-1FE5E8FB7A19-1024x767.jpeg 1024w\" sizes=\"auto, (max-width: 300px) 100vw, 300px\" \/><br \/>\n<span style=\"display: inline !important; float: none; background-color: transparent; color: #333333; cursor: text; font-family: 'Noto Serif',serif; font-size: 17px; font-style: normal; font-variant: normal; font-weight: 400; letter-spacing: normal; orphans: 2; text-align: left; text-decoration: none; text-indent: 0px; text-transform: none; -webkit-text-stroke-width: 0px; white-space: normal; word-spacing: 0px;\">Le croque-<\/span>Gar\u00e7on<span style=\"display: inline !important; float: none; background-color: transparent; color: #333333; cursor: text; font-family: 'Noto Serif',serif; font-size: 17px; font-style: normal; font-variant: normal; font-weight: 400; letter-spacing: normal; orphans: 2; text-align: left; text-decoration: none; text-indent: 0px; text-transform: none; -webkit-text-stroke-width: 0px; white-space: normal; word-spacing: 0px;\">! au Pain Poujauran et au sel de truffe<\/span><\/p>\n<p><img loading=\"lazy\" decoding=\"async\" class=\"size-medium wp-image-93\" src=\"http:\/\/www.garcon-cafe.com\/wp-content\/uploads\/2019\/03\/E71C8CF8-C962-40DD-A2F9-CB5EA6D8FC9F-300x225.jpeg\" alt=\"\" width=\"300\" height=\"225\" srcset=\"https:\/\/www.garcon-cafe.com\/wp-content\/uploads\/2019\/03\/E71C8CF8-C962-40DD-A2F9-CB5EA6D8FC9F-300x225.jpeg 300w, https:\/\/www.garcon-cafe.com\/wp-content\/uploads\/2019\/03\/E71C8CF8-C962-40DD-A2F9-CB5EA6D8FC9F-768x576.jpeg 768w, https:\/\/www.garcon-cafe.com\/wp-content\/uploads\/2019\/03\/E71C8CF8-C962-40DD-A2F9-CB5EA6D8FC9F-1024x768.jpeg 1024w, https:\/\/www.garcon-cafe.com\/wp-content\/uploads\/2019\/03\/E71C8CF8-C962-40DD-A2F9-CB5EA6D8FC9F.jpeg 2048w\" sizes=\"auto, (max-width: 300px) 100vw, 300px\" \/><br \/>\n<span style=\"display: inline !important; float: none; background-color: transparent; color: #333333; cursor: text; font-family: 'Noto Serif',serif; font-size: 17px; font-style: normal; font-variant: normal; font-weight: 400; letter-spacing: normal; orphans: 2; text-align: left; text-decoration: none; text-indent: 0px; text-transform: none; -webkit-text-stroke-width: 0px; white-space: normal; word-spacing: 0px;\">Le moelleux au chocolat\u00a0<\/span><\/p>\n<p><span style=\"display: inline !important; float: none; background-color: transparent; color: #333333; cursor: text; font-family: 'Noto Serif',serif; font-size: 17px; font-style: normal; font-variant: normal; font-weight: 400; letter-spacing: normal; orphans: 2; text-align: left; text-decoration: none; text-indent: 0px; text-transform: none; -webkit-text-stroke-width: 0px; white-space: normal; word-spacing: 0px;\"><img loading=\"lazy\" decoding=\"async\" class=\"alignnone size-thumbnail wp-image-722\" src=\"http:\/\/www.garcon-cafe.com\/wp-content\/uploads\/2025\/06\/6EADB6F8-7B07-41F4-8E9F-D8A29CD6F290-150x150.jpeg\" alt=\"\" width=\"150\" height=\"150\" \/><\/span><\/p>\n<p><span style=\"display: inline !important; float: none; background-color: transparent; color: #333333; cursor: text; font-family: 'Noto Serif',serif; font-size: 17px; font-style: normal; font-variant: normal; font-weight: 400; letter-spacing: normal; orphans: 2; text-align: left; text-decoration: none; text-indent: 0px; text-transform: none; -webkit-text-stroke-width: 0px; white-space: normal; word-spacing: 0px;\">Le Morbier. Sous sa ligne noire, un caract\u00e8re bien tremp\u00e9.<\/span><\/p>\n<figure id=\"attachment_733\" aria-describedby=\"caption-attachment-733\" style=\"width: 225px\" class=\"wp-caption alignnone\"><img loading=\"lazy\" decoding=\"async\" class=\"wp-image-733 size-medium\" src=\"http:\/\/www.garcon-cafe.com\/wp-content\/uploads\/2025\/10\/IMG_4853-225x300.jpeg\" alt=\"\" width=\"225\" height=\"300\" srcset=\"https:\/\/www.garcon-cafe.com\/wp-content\/uploads\/2025\/10\/IMG_4853-225x300.jpeg 225w, https:\/\/www.garcon-cafe.com\/wp-content\/uploads\/2025\/10\/IMG_4853-767x1024.jpeg 767w, https:\/\/www.garcon-cafe.com\/wp-content\/uploads\/2025\/10\/IMG_4853-768x1025.jpeg 768w, https:\/\/www.garcon-cafe.com\/wp-content\/uploads\/2025\/10\/IMG_4853-1151x1536.jpeg 1151w, https:\/\/www.garcon-cafe.com\/wp-content\/uploads\/2025\/10\/IMG_4853-1534x2048.jpeg 1534w, https:\/\/www.garcon-cafe.com\/wp-content\/uploads\/2025\/10\/IMG_4853-scaled.jpeg 1918w\" sizes=\"auto, (max-width: 225px) 100vw, 225px\" \/><figcaption id=\"caption-attachment-733\" class=\"wp-caption-text\"><b>Figues r\u00f4ties au miel, chantilly \u00e0 la pistache.<\/b><\/figcaption><\/figure>\n","protected":false},"excerpt":{"rendered":"<p>Vittello tonnato et c\u00e2pres frits Poulpe snack\u00e9, cr\u00e8me de petits pois et l\u00e9gumes m\u00e9diterran\u00e9ens Nouvel habillage de la salle du fond chez \u00ab\u00a0Gar\u00e7on !\u00a0\u00bb En terrasse de \u00ab\u00a0Gar\u00e7on !\u00a0\u00bb, pour les beaux jours&#8230;. Le d\u00e9licieux tarama maison &nbsp; La v\u00e9ritable Trop\u00e9zienne de chez Micka &nbsp; La salade C\u00e9sar au poulet tandoori &nbsp; L&rsquo;unique tartare de &hellip; <a href=\"https:\/\/www.garcon-cafe.com\/index.php\/galerie-photos\/\" class=\"more-link\">Continuer la lecture de <span class=\"screen-reader-text\">Galerie photos<\/span><\/a><\/p>\n","protected":false},"author":1,"featured_media":61,"parent":0,"menu_order":0,"comment_status":"closed","ping_status":"closed","template":"","meta":{"footnotes":""},"class_list":["post-81","page","type-page","status-publish","has-post-thumbnail","hentry"],"_links":{"self":[{"href":"https:\/\/www.garcon-cafe.com\/index.php\/wp-json\/wp\/v2\/pages\/81","targetHints":{"allow":["GET"]}}],"collection":[{"href":"https:\/\/www.garcon-cafe.com\/index.php\/wp-json\/wp\/v2\/pages"}],"about":[{"href":"https:\/\/www.garcon-cafe.com\/index.php\/wp-json\/wp\/v2\/types\/page"}],"author":[{"embeddable":true,"href":"https:\/\/www.garcon-cafe.com\/index.php\/wp-json\/wp\/v2\/users\/1"}],"replies":[{"embeddable":true,"href":"https:\/\/www.garcon-cafe.com\/index.php\/wp-json\/wp\/v2\/comments?post=81"}],"version-history":[{"count":26,"href":"https:\/\/www.garcon-cafe.com\/index.php\/wp-json\/wp\/v2\/pages\/81\/revisions"}],"predecessor-version":[{"id":746,"href":"https:\/\/www.garcon-cafe.com\/index.php\/wp-json\/wp\/v2\/pages\/81\/revisions\/746"}],"wp:featuredmedia":[{"embeddable":true,"href":"https:\/\/www.garcon-cafe.com\/index.php\/wp-json\/wp\/v2\/media\/61"}],"wp:attachment":[{"href":"https:\/\/www.garcon-cafe.com\/index.php\/wp-json\/wp\/v2\/media?parent=81"}],"curies":[{"name":"wp","href":"https:\/\/api.w.org\/{rel}","templated":true}]}}